{"id":9211,"date":"2020-05-28T20:26:38","date_gmt":"2020-05-28T23:26:38","guid":{"rendered":"http:\/\/www.tecnicaturaat.ar\/web\/?page_id=9211"},"modified":"2026-01-09T23:14:17","modified_gmt":"2026-01-10T02:14:17","slug":"la-universidad","status":"publish","type":"page","link":"https:\/\/www.tecnicaturaat.ar\/web\/la-universidad\/","title":{"rendered":"La Universidad"},"content":{"rendered":"<p>[vc_row full_width=&#8221;stretch_row&#8221;][vc_column][vc_row_inner css=&#8221;.vc_custom_1604622248683{margin-top: 50px !important;}&#8221;][vc_column_inner width=&#8221;1\/6&#8243;][\/vc_column_inner][vc_column_inner width=&#8221;2\/3&#8243; css=&#8221;.vc_custom_1605588738433{padding-right: 35px !important;padding-left: 35px !important;}&#8221; offset=&#8221;vc_hidden-xs&#8221;][vc_column_text]<\/p>\n<p style=\"text-align: center;\"><span style=\"color: #003366; font-size: 35pt; font-family: roboto; font-weight: 100;\">UNIVERSIDAD FASTA<\/span><\/p>\n<p>[\/vc_column_text][vc_single_image image=&#8221;11198&#8243; img_size=&#8221;full&#8221;][vc_wp_text el_class=&#8221;sg-popup-id-9798&#8243;]<\/p>\n<p style=\"text-align: left;\"><span style=\"font-size: 13pt; color: #003366;\">La <strong>Universidad FASTA<\/strong> cuenta con m\u00e1s de 30 a\u00f1os de trayectoria en la Argentina, siendo reconocida por su calidad y excelencia acad\u00e9mica, y por su aporte al desarrollo de la educaci\u00f3n superior en todo el pa\u00eds.<br \/>\nSe destaca como instituci\u00f3n pionera en educaci\u00f3n a distancia, con su Sistema Institucional de Educaci\u00f3n a Distancia (SIED) aprobado por la CONEAU y validado por el Ministerio de Educaci\u00f3n, Cultura, Ciencia y Tecnolog\u00eda (Resoluci\u00f3n N.\u00ba 206\/19), lo que garantiza est\u00e1ndares acad\u00e9micos de calidad.<br \/>\nPosee ocho Unidades Acad\u00e9micas: <em>las Facultades de Ciencias M\u00e9dicas, Ingenier\u00eda, Ciencias Jur\u00eddicas y Sociales, Ciencias de la Educaci\u00f3n, Ciencias Econ\u00f3micas, Periodismo y Comunicaci\u00f3n y las Escuelas de Humanidades y de la Hospitalidad<\/em>, desde las cuales se dictan m\u00e1s de 35 carreras universitarias a distancia, adem\u00e1s de propuestas de cursos y programas de formaci\u00f3n profesional.<br \/>\nActualmente, UFASTA cuenta con m\u00e1s de <strong>100 Unidades de Apoyo Acad\u00e9mico en todo el pa\u00eds y acompa\u00f1a a m\u00e1s de 25.000 estudiantes<\/strong>, reafirmando su compromiso con una educaci\u00f3n accesible, federal y de excelencia.<\/span><\/p>\n<p><span style=\"font-size: 1.3em; color: #0040ff;\"><strong>Facultad de Ciencias M\u00e9dicas<\/strong><\/span><\/p>\n<p style=\"text-align: left;\"><span style=\"font-size: 13pt; color: #003366;\">En la Facultad de Ciencias M\u00e9dicas de la Universidad FASTA se dictan las carreras de Medicina, Odontolog\u00eda, Licenciatura en Nutrici\u00f3n, Licenciatura en Kinesiolog\u00eda y Fisiatr\u00eda, Licenciatura en Fonoaudiolog\u00eda, el Posgrado de Especializaci\u00f3n en Medicina Legal y a partir de 2022 se suma la carrera a distancia de <strong>Tecnicatura Universitaria en Acompa\u00f1amiento Terap\u00e9utico<\/strong>.<br \/>\n<\/span><\/p>\n<p>&nbsp;<\/p>\n<p><span style=\"font-size: 1.3em; color: #0040ff;\"><strong>Porqu\u00e9 estudiar a distancia en Universidad FASTA<\/strong><\/span><\/p>\n<p style=\"text-align: left;\"><span style=\"font-size: 13pt; color: #003366;\">\u2022 Es pionera en educaci\u00f3n a distancia en Argentina.<br \/>\n\u2022 Es reconocida por su calidad y excelencia acad\u00e9mica.<br \/>\n\u2022 Atenci\u00f3n personalizada de docentes y coordinadores de Unidades de Apoyo.<br \/>\n\u2022 AHORRAS TIEMPO Y DINERO, abonas inscripci\u00f3n una sola vez en toda la carrera, cuotas mes a mes (no pagas por adelantado), NO abonas derecho de examen.<br \/>\n<\/span><\/p>\n<p><a href=\"https:\/\/www.tecnicaturaat.ar\/web\/metodologia-a-distancia\/\"><span style=\"color: #0040ff; font-size: 1.0em; text-decoration: underline;\">Ventajas UFASTA<\/span><\/a>[\/vc_wp_text][vc_empty_space height=&#8221;62px&#8221;][\/vc_column_inner][vc_column_inner width=&#8221;1\/6&#8243;][\/vc_column_inner][\/vc_row_inner][vc_row_inner][vc_column_inner width=&#8221;1\/6&#8243;][\/vc_column_inner][vc_column_inner width=&#8221;2\/3&#8243; css=&#8221;.vc_custom_1605588689866{padding-right: 35px !important;padding-left: 35px !important;}&#8221; offset=&#8221;vc_hidden-lg vc_hidden-md vc_hidden-sm&#8221;][vc_column_text]<\/p>\n<p style=\"text-align: center;\"><span style=\"color: #003366; font-size: 22pt; font-family: roboto; font-weight: 100;\">UNIVERSIDAD FASTA<\/span><\/p>\n<p>[\/vc_column_text][vc_single_image image=&#8221;11198&#8243; img_size=&#8221;full&#8221;][vc_wp_text el_class=&#8221;sg-popup-id-9798&#8243;]<\/p>\n<p style=\"text-align: left;\"><span style=\"font-size: 13pt; color: #003366;\">Con 30 a\u00f1os de trayectoria en Argentina, es reconocida por su excelencia acad\u00e9mica; su Sistema Institucional de Educaci\u00f3n a Distancia (SIED) fue uno de los primeros en ser aprobados por la CONEAU (Comisi\u00f3n Nacional de Evaluaci\u00f3n y Acreditaci\u00f3n Universitaria) y validado por el Ministerio de Educaci\u00f3n, Cultura, Ciencia y Tecnolog\u00eda (Resoluci\u00f3n 206\/19).<\/span><\/p>\n<p style=\"text-align: left;\"><span style=\"font-size: 13pt; color: #003366;\">Posee siete Facultades: Ciencias M\u00e9dicas, Ingenier\u00eda, Ciencias Jur\u00eddicas y Sociales, Ciencias de la Educaci\u00f3n, Ciencias Econ\u00f3micas, Periodismo y Comunicaci\u00f3n, Humanidades, y m\u00e1s de 20 carreras universitarias a distancia.<br \/>\nActualmente, posee m\u00e1s de 90 Unidades de Apoyo Acad\u00e9mico a lo largo y ancho del pa\u00eds con m\u00e1s de 25.000 alumnos cursando a distancia diferentes propuestas de cursos, diplomaturas y carreras.<\/span><\/p>\n<p>&nbsp;<\/p>\n<p><span style=\"font-size: 1.3em; color: #0040ff;\"><strong>Facultad de Ciencias M\u00e9dicas<\/strong><\/span><\/p>\n<p style=\"text-align: left;\"><span style=\"font-size: 13pt; color: #003366;\">En la Facultad de Ciencias M\u00e9dicas de la Universidad FASTA se dictan las carreras de Medicina, Odontolog\u00eda, Licenciatura en Nutrici\u00f3n, Licenciatura en Kinesiolog\u00eda y Fisiatr\u00eda, Licenciatura en Fonoaudiolog\u00eda, el Posgrado de Especializaci\u00f3n en Medicina Legal y a partir de 2022 se suma la carrera a distancia de <strong>Tecnicatura Universitaria en Acompa\u00f1amiento Terap\u00e9utico<\/strong>.<br \/>\n<\/span><\/p>\n<p>&nbsp;<\/p>\n<p><span style=\"font-size: 1.3em; color: #0040ff;\"><strong>Porqu\u00e9 estudiar a distancia en Universidad FASTA<\/strong><\/span><\/p>\n<p style=\"text-align: left;\"><span style=\"font-size: 13pt; color: #003366;\">\u2022 Es pionera en educaci\u00f3n a distancia en Argentina.<br \/>\n\u2022 Es reconocida por su calidad y excelencia acad\u00e9mica.<br \/>\n\u2022 Atenci\u00f3n personalizada de docentes y coordinadores de Unidades de Apoyo.<br \/>\n\u2022 AHORRAS TIEMPO Y DINERO, abonas inscripci\u00f3n una sola vez en toda la carrera, cuotas mes a mes (no pagas por adelantado), NO abonas derecho de examen.<br \/>\n<\/span><\/p>\n<p><a href=\"https:\/\/www.tecnicaturaat.ar\/web\/metodologia-a-distancia\/\"><span style=\"color: #0040ff; font-size: 1.0em; text-decoration: underline;\">Ventajas UFASTA<\/span><\/a>[\/vc_wp_text][vc_empty_space height=&#8221;62px&#8221;][\/vc_column_inner][vc_column_inner width=&#8221;1\/6&#8243;][\/vc_column_inner][\/vc_row_inner][\/vc_column][\/vc_row]<\/p>\n","protected":false},"excerpt":{"rendered":"<p>[vc_row full_width=&#8221;stretch_row&#8221;][vc_column][vc_row_inner css=&#8221;.vc_custom_1604622248683{margin-top: 50px !important;}&#8221;][vc_column_inner width=&#8221;1\/6&#8243;][\/vc_column_inner][vc_column_inner width=&#8221;2\/3&#8243; css=&#8221;.vc_custom_1605588738433{padding-right: 35px !important;padding-left: 35px !important;}&#8221; offset=&#8221;vc_hidden-xs&#8221;][vc_column_text] UNIVERSIDAD FASTA [\/vc_column_text][vc_single_image image=&#8221;11198&#8243; img_size=&#8221;full&#8221;][vc_wp_text el_class=&#8221;sg-popup-id-9798&#8243;] La&#8230;<\/p>\n","protected":false},"author":2,"featured_media":0,"parent":0,"menu_order":0,"comment_status":"closed","ping_status":"closed","template":"","meta":{"_joinchat":[],"footnotes":""},"class_list":["post-9211","page","type-page","status-publish","hentry"],"_links":{"self":[{"href":"https:\/\/www.tecnicaturaat.ar\/web\/wp-json\/wp\/v2\/pages\/9211","targetHints":{"allow":["GET"]}}],"collection":[{"href":"https:\/\/www.tecnicaturaat.ar\/web\/wp-json\/wp\/v2\/pages"}],"about":[{"href":"https:\/\/www.tecnicaturaat.ar\/web\/wp-json\/wp\/v2\/types\/page"}],"author":[{"embeddable":true,"href":"https:\/\/www.tecnicaturaat.ar\/web\/wp-json\/wp\/v2\/users\/2"}],"replies":[{"embeddable":true,"href":"https:\/\/www.tecnicaturaat.ar\/web\/wp-json\/wp\/v2\/comments?post=9211"}],"version-history":[{"count":69,"href":"https:\/\/www.tecnicaturaat.ar\/web\/wp-json\/wp\/v2\/pages\/9211\/revisions"}],"predecessor-version":[{"id":28450,"href":"https:\/\/www.tecnicaturaat.ar\/web\/wp-json\/wp\/v2\/pages\/9211\/revisions\/28450"}],"wp:attachment":[{"href":"https:\/\/www.tecnicaturaat.ar\/web\/wp-json\/wp\/v2\/media?parent=9211"}],"curies":[{"name":"wp","href":"https:\/\/api.w.org\/{rel}","templated":true}]}}